{"id":3,"date":"2023-10-12T13:18:20","date_gmt":"2023-10-12T13:18:20","guid":{"rendered":"https:\/\/chiropontiac.com.ottawavalleymedia.ca\/?page_id=3"},"modified":"2024-02-17T18:40:26","modified_gmt":"2024-02-17T18:40:26","slug":"politique-de-confidentialite","status":"publish","type":"page","link":"https:\/\/chiropontiac.com\/fr\/politique-de-confidentialite\/","title":{"rendered":"Politique de confidentialit\u00e9"},"content":{"rendered":"\t\t<div data-elementor-type=\"wp-page\" data-elementor-id=\"3\" class=\"elementor elementor-3\" data-elementor-post-type=\"page\">\n\t\t\t\t<div class=\"elementor-element elementor-element-2f36228f e-flex e-con-boxed e-con e-parent\" data-id=\"2f36228f\" data-element_type=\"container\" data-e-type=\"container\">\n\t\t\t\t\t<div class=\"e-con-inner\">\n\t\t\t\t<div class=\"elementor-element elementor-element-7152db22 elementor-widget elementor-widget-text-editor\" data-id=\"7152db22\" data-element_type=\"widget\" data-e-type=\"widget\" data-widget_type=\"text-editor.default\">\n\t\t\t\t<div class=\"elementor-widget-container\">\n\t\t\t\t\t\t\t\t\t<p>Docteure Isabelle Gagnon, chiropraticienne, D.C., de la clinique chiropratique du Pontiac est soucieuse de la protection de votre vie priv\u00e9e et des renseignements personnels qu\u2019elle recueille sur son site Web ou tout autre moyen technologique, utilise ou communique \u00e0 des tiers \u00e0 l\u2019occasion de ses activit\u00e9s.<\/p><p>La pr\u00e9sente Politique de confidentialit\u00e9 fait \u00e9tat de la mani\u00e8re dont Docteure Isabelle Gagnon, chiropraticienne, D.C., de la clinique chiropratique du Pontiac prot\u00e8ge les renseignements personnels qu\u2019\u2019elle d\u00e9tient, et ce, afin de tenir compte des exigences des lois applicables en mati\u00e8re de protection des renseignements personnels auxquelles elle est assujettie, mais aussi de toutes autres lois et r\u00e8glements applicables en ce domaine.<\/p><p>La pr\u00e9sente Politique ne s\u2019applique pas aux renseignements qui ont un caract\u00e8re public en vertu de ces l\u00e9gislations.<\/p><p><b>Responsabilit\u00e9<\/b><\/p><p>Docteure Isabelle Gagnon, chiropraticienne, D.C., de la clinique chiropratique du Pontiac est responsable de la protection des renseignements personnels qu\u2019elle d\u00e9tient ou qu\u2019elle confie, le cas \u00e9ch\u00e9ant, \u00e0 un tiers.<\/p><p>Docteure Isabelle Gagnon, chiropraticienne, D.C., de la clinique chiropratique du Pontiac s\u2019assure que ses employ\u00e9s, mais aussi les tiers avec qui il fait affaire prot\u00e8gent la confidentialit\u00e9 des renseignements personnels auxquels ils ont acc\u00e8s, et ce, quel que soit la nature de leur support ou quelle que soit la forme sous laquelle ils sont accessibles.<\/p><p><strong>Renseignements personnels que nous recueillons<\/strong><\/p><p>Les renseignements personnels recueillis par la clinique chiropratique du Pontiac sont\u202f: le nom, pr\u00e9nom, adresse postale, sexe, courriel, t\u00e9l\u00e9phone, date de naissance, num\u00e9ros de police et de certificats d\u2019assurances.<\/p><p>Finalit\u00e9 de la collecte et moyens par lesquels nous recueillons des renseignements personnels<\/p><p>Nous utilisons les renseignements personnels recueillis uniquement pour atteindre les objectifs d\u00e9crits ci-dessous\u202f:<\/p><p>Identification, pr\u00e9vention et d\u00e9tection de la fraude, mesurer l\u2019achalandage, fins promotionnelles, gestion des services de la clinique, personnaliser, am\u00e9liorer la navigation sur le site Internet, d\u00e9cision automatis\u00e9e, facturation des assurances.<\/p><p>La clinique chiropratique du Pontiac collecte les renseignements personnels par\u202f: les formulaires d\u2019ouverture de dossiers (papier et\/ou \u00e9lectronique), les applications mobiles, les r\u00e9seaux sociaux, les t\u00e9moins, contact avec nous, etc.<\/p><p><strong>Consentement &#8211; collecte, utilisation et communication<\/strong><\/p><p>Docteure Isabelle Gagnon, chiropraticienne, D.C., de la clinique chiropratique du Pontiac obtient votre consentement avant de recueillir, utiliser ou communiquer \u00e0 des tiers vos renseignements personnels, sauf dans les cas pr\u00e9vus par la Loi.<\/p><p>En aucun cas Docteure Isabelle Gagnon, chiropraticienne, D.C., de la clinique chiropratique du Pontiac n\u2019utilisera ni ne communiquera les renseignements personnels sans votre consentement \u00e0 moins qu\u2019il ne soit autoris\u00e9 ou oblig\u00e9 \u00e0 le faire en vertu de la l\u00e9gislation applicable.<\/p><p><strong>Dur\u00e9e de conservation<\/strong><\/p><p>Nous conservons vos renseignements personnels pour une dur\u00e9e de sept ann\u00e9es suivant leur derni\u00e8re utilisation sauf lorsque la loi pr\u00e9voit une dur\u00e9e de conservation diff\u00e9rente.<\/p><p><strong>Mesures de s\u00e9curit\u00e9<\/strong><\/p><p>Nous prot\u00e9geons vos renseignements personnels par des mesures de s\u00e9curit\u00e9 (physiques, techniques ou administratives) appropri\u00e9es \u00e0 la nature de ceux-ci, et ce, afin d&rsquo;\u00e9viter qu\u2019une personne puisse y avoir acc\u00e8s, les utiliser, les communiquer \u00e0 des tiers alors qu\u2019elle n\u2019y \u00e9tait pas autoris\u00e9e ou encore afin de pr\u00e9venir les pertes ou toute autre atteinte \u00e0 la protection de ceux-ci.<\/p><p><strong>Acc\u00e8s et rectification \u00e0 vos renseignements personnels<\/strong><\/p><p>Il est important que les renseignements personnels que nous d\u00e9tenons \u00e0 votre sujet soient \u00e0 jour. Veuillez nous informer de tout changement quant \u00e0 ceux-ci.<\/p><p>De plus, vous pouvez soumettre une demande\u202f:<\/p><ul><li>d\u2019acc\u00e8s \u00e0 vos renseignements personnels;<\/li><li>de rectification de vos renseignements personnels;<\/li><li>de retrait de votre consentement \u00e0 l\u2019utilisation ou \u00e0 la communication de vos renseignements personnels;<\/li><li>de portabilit\u00e9;<\/li><li>de cessation de la diffusion de vos renseignements personnels, de d\u00e9sindexation,<\/li><\/ul><p><br \/>en vous adressant \u00e0 Docteure Isabelle Gagnon, chiropraticienne, D.C., par courriel \u00e0 <a href=\"mailto:chiropontiac@gmail.com\">chiropontiac@gmail.com<\/a><\/p><p><strong>Nous contacter<\/strong><\/p><p>Vous pouvez communiquer avec nous au sujet de la pr\u00e9sente Politique de confidentialit\u00e9 ou encore formuler des commentaires, exercer vos droits, d\u00e9poser une plainte en vous adressant \u00e0 Docteure Isabelle Gagnon, chiropraticienne, D.C., responsable de la protection des renseignements personnels, \u00e0 chiropontiac@gmail.com ou par t\u00e9l\u00e9phone au 819-683-3690 ou 819-647-5155.<\/p><p><strong>Date de la politique<\/strong><\/p><p>L\u2019entr\u00e9e en vigueur de cette politique est le 1er octobre 2023.<\/p>\t\t\t\t\t\t\t\t<\/div>\n\t\t\t\t<\/div>\n\t\t\t\t\t<\/div>\n\t\t\t\t<\/div>\n\t\t\t\t<\/div>\n\t\t","protected":false},"excerpt":{"rendered":"<p>Docteure Isabelle Gagnon, chiropraticienne, D.C., de la clinique chiropratique du Pontiac est soucieuse de la protection de votre vie priv\u00e9e et des renseignements personnels qu\u2019elle recueille sur son site Web ou tout autre moyen technologique, utilise ou communique \u00e0 des tiers \u00e0 l\u2019occasion de ses activit\u00e9s. La pr\u00e9sente Politique de confidentialit\u00e9 fait \u00e9tat de la&hellip; <a class=\"more-link\" href=\"https:\/\/chiropontiac.com\/fr\/politique-de-confidentialite\/\">Poursuivre la lecture <span class=\"screen-reader-text\">Politique de confidentialit\u00e9<\/span><\/a><\/p>\n","protected":false},"author":1,"featured_media":1949,"parent":0,"menu_order":0,"comment_status":"closed","ping_status":"open","template":"","meta":{"footnotes":""},"class_list":["post-3","page","type-page","status-publish","has-post-thumbnail","hentry","entry"],"_links":{"self":[{"href":"https:\/\/chiropontiac.com\/fr\/wp-json\/wp\/v2\/pages\/3","targetHints":{"allow":["GET"]}}],"collection":[{"href":"https:\/\/chiropontiac.com\/fr\/wp-json\/wp\/v2\/pages"}],"about":[{"href":"https:\/\/chiropontiac.com\/fr\/wp-json\/wp\/v2\/types\/page"}],"author":[{"embeddable":true,"href":"https:\/\/chiropontiac.com\/fr\/wp-json\/wp\/v2\/users\/1"}],"replies":[{"embeddable":true,"href":"https:\/\/chiropontiac.com\/fr\/wp-json\/wp\/v2\/comments?post=3"}],"version-history":[{"count":5,"href":"https:\/\/chiropontiac.com\/fr\/wp-json\/wp\/v2\/pages\/3\/revisions"}],"predecessor-version":[{"id":1971,"href":"https:\/\/chiropontiac.com\/fr\/wp-json\/wp\/v2\/pages\/3\/revisions\/1971"}],"wp:featuredmedia":[{"embeddable":true,"href":"https:\/\/chiropontiac.com\/fr\/wp-json\/wp\/v2\/media\/1949"}],"wp:attachment":[{"href":"https:\/\/chiropontiac.com\/fr\/wp-json\/wp\/v2\/media?parent=3"}],"curies":[{"name":"wp","href":"https:\/\/api.w.org\/{rel}","templated":true}]}}