{"id":320,"date":"2024-01-20T14:46:07","date_gmt":"2024-01-20T14:46:07","guid":{"rendered":"https:\/\/chiropontiac.com.ottawavalleymedia.ca\/?page_id=320"},"modified":"2024-02-15T22:48:54","modified_gmt":"2024-02-15T22:48:54","slug":"notre-personnel","status":"publish","type":"page","link":"https:\/\/chiropontiac.com\/fr\/notre-personnel\/","title":{"rendered":"Notre personnel"},"content":{"rendered":"\t\t<div data-elementor-type=\"wp-page\" data-elementor-id=\"320\" class=\"elementor elementor-320\" data-elementor-post-type=\"page\">\n\t\t\t\t<div class=\"elementor-element elementor-element-00408ac e-flex e-con-boxed e-con e-parent\" data-id=\"00408ac\" data-element_type=\"container\" data-e-type=\"container\">\n\t\t\t\t\t<div class=\"e-con-inner\">\n\t\t<div class=\"elementor-element elementor-element-a9891f6 e-con-full e-flex e-con e-child\" data-id=\"a9891f6\" data-element_type=\"container\" data-e-type=\"container\">\n\t\t\t\t<div class=\"elementor-element elementor-element-8fc6ada elementor-widget elementor-widget-image\" data-id=\"8fc6ada\" data-element_type=\"widget\" data-e-type=\"widget\" data-widget_type=\"image.default\">\n\t\t\t\t<div class=\"elementor-widget-container\">\n\t\t\t\t\t\t\t\t\t\t\t\t\t\t\t<img fetchpriority=\"high\" decoding=\"async\" width=\"750\" height=\"1125\" src=\"https:\/\/chiropontiac.com\/wp-content\/uploads\/2024\/01\/Z09_3308-Edit-2-768x1152.jpg\" class=\"attachment-medium_large size-medium_large wp-image-554\" alt=\"\" srcset=\"https:\/\/chiropontiac.com\/wp-content\/uploads\/2024\/01\/Z09_3308-Edit-2-768x1152.jpg 768w, https:\/\/chiropontiac.com\/wp-content\/uploads\/2024\/01\/Z09_3308-Edit-2-200x300.jpg 200w, https:\/\/chiropontiac.com\/wp-content\/uploads\/2024\/01\/Z09_3308-Edit-2-683x1024.jpg 683w, https:\/\/chiropontiac.com\/wp-content\/uploads\/2024\/01\/Z09_3308-Edit-2-1024x1536.jpg 1024w, https:\/\/chiropontiac.com\/wp-content\/uploads\/2024\/01\/Z09_3308-Edit-2-1365x2048.jpg 1365w, https:\/\/chiropontiac.com\/wp-content\/uploads\/2024\/01\/Z09_3308-Edit-2-1568x2352.jpg 1568w, https:\/\/chiropontiac.com\/wp-content\/uploads\/2024\/01\/Z09_3308-Edit-2-scaled.jpg 1706w\" sizes=\"(max-width: 750px) 100vw, 750px\" style=\"width:100%;height:150.06%;max-width:1706px\" \/>\t\t\t\t\t\t\t\t\t\t\t\t\t\t\t<\/div>\n\t\t\t\t<\/div>\n\t\t\t\t<\/div>\n\t\t<div class=\"elementor-element elementor-element-1a680e3 e-con-full e-flex e-con e-child\" data-id=\"1a680e3\" data-element_type=\"container\" data-e-type=\"container\">\n\t\t\t\t<div class=\"elementor-element elementor-element-3627ec1 elementor-widget elementor-widget-text-editor\" data-id=\"3627ec1\" data-element_type=\"widget\" data-e-type=\"widget\" data-widget_type=\"text-editor.default\">\n\t\t\t\t<div class=\"elementor-widget-container\">\n\t\t\t\t\t\t\t\t\t<div class=\"itemHeader\"><div class=\"itemHeader\"><h2 class=\"itemTitle\">DRE ISABELLE GAGNON, CHIROPRATICIENNE D.C.<\/h2><div class=\"item-meta\">\u00a0<\/div><\/div><div class=\"itemBody\"><div class=\"itemFullText\"><p>Originaire de Bristol,\u00a0<strong class=\"orange\">Docteure Isabelle Gagnon, chiropraticienne D.C.<\/strong>\u00a0r\u00e9side \u00e0 l\u2019Ile-du-Grand-Calumet avec son mari Martin et leur fille Alix. C\u2019\u00e9tait son r\u00eave de revenir s\u2019installer chez elle, et offrir un service de sant\u00e9 \u00e0 ses amis et voisins.<\/p><p>Tr\u00e8s attach\u00e9e \u00e0 sa r\u00e9gion, Dre Gagnon aime aussi encourager les entreprises locales et profiter des nombreux attraits du Pontiac, comme le rafting d\u2019eau vive avec Horizon X!<\/p><p><strong><br \/>Profil acad\u00e9mique<\/strong><\/p><ul><li>Doctorat en chiropratique &#8211; Universit\u00e9 du Qu\u00e9bec \u00e0 Trois-Rivi\u00e8res (UQTR) \u2022 1999-2004<\/li><\/ul><p><strong><br \/>Profil professionnel<\/strong><\/p><ul><li>Propri\u00e9taire Clinique chiropratique du Pontiac \u2022 2004-aujourd\u2019hui<\/li><li>Conf\u00e9renci\u00e8re et experte-conseil (\u00e9coles et entreprises)<br \/>Multiples r\u00e9f\u00e9rences \u2022 2004-aujourd\u2019hui<\/li><li>Membre du conseil d\u2019administration<br \/>Centre de sant\u00e9 et des services sociaux du Pontiac \u2022 2004-2015<\/li><li>D\u00e9l\u00e9gu\u00e9e r\u00e9gionale des chiropraticiens de l\u2019Outaouais<br \/>Association des chiropraticiens du Qu\u00e9bec \u2022 2005-2012<\/li><\/ul><\/div><\/div><\/div>\t\t\t\t\t\t\t\t<\/div>\n\t\t\t\t<\/div>\n\t\t\t\t<\/div>\n\t\t\t\t\t<\/div>\n\t\t\t\t<\/div>\n\t\t<div class=\"elementor-element elementor-element-ca79c56 e-flex e-con-boxed e-con e-parent\" data-id=\"ca79c56\" data-element_type=\"container\" data-e-type=\"container\">\n\t\t\t\t\t<div class=\"e-con-inner\">\n\t\t<div class=\"elementor-element elementor-element-d2292c9 e-con-full e-flex e-con e-child\" data-id=\"d2292c9\" data-element_type=\"container\" data-e-type=\"container\">\n\t\t\t\t<div class=\"elementor-element elementor-element-5a58948 elementor-widget elementor-widget-image\" data-id=\"5a58948\" data-element_type=\"widget\" data-e-type=\"widget\" data-widget_type=\"image.default\">\n\t\t\t\t<div class=\"elementor-widget-container\">\n\t\t\t\t\t\t\t\t\t\t\t\t\t\t\t<img decoding=\"async\" width=\"750\" height=\"1125\" src=\"https:\/\/chiropontiac.com\/wp-content\/uploads\/2024\/01\/Z09_3490-Edit-2-768x1152.jpg\" class=\"attachment-medium_large size-medium_large wp-image-556\" alt=\"Lisa Belanger\" srcset=\"https:\/\/chiropontiac.com\/wp-content\/uploads\/2024\/01\/Z09_3490-Edit-2-768x1152.jpg 768w, https:\/\/chiropontiac.com\/wp-content\/uploads\/2024\/01\/Z09_3490-Edit-2-200x300.jpg 200w, https:\/\/chiropontiac.com\/wp-content\/uploads\/2024\/01\/Z09_3490-Edit-2-683x1024.jpg 683w, https:\/\/chiropontiac.com\/wp-content\/uploads\/2024\/01\/Z09_3490-Edit-2-1024x1536.jpg 1024w, https:\/\/chiropontiac.com\/wp-content\/uploads\/2024\/01\/Z09_3490-Edit-2-1365x2048.jpg 1365w, https:\/\/chiropontiac.com\/wp-content\/uploads\/2024\/01\/Z09_3490-Edit-2-1568x2352.jpg 1568w, https:\/\/chiropontiac.com\/wp-content\/uploads\/2024\/01\/Z09_3490-Edit-2-scaled.jpg 1706w\" sizes=\"(max-width: 750px) 100vw, 750px\" style=\"width:100%;height:150.06%;max-width:1706px\" \/>\t\t\t\t\t\t\t\t\t\t\t\t\t\t\t<\/div>\n\t\t\t\t<\/div>\n\t\t\t\t<\/div>\n\t\t<div class=\"elementor-element elementor-element-dcb884a e-con-full e-flex e-con e-child\" data-id=\"dcb884a\" data-element_type=\"container\" data-e-type=\"container\">\n\t\t\t\t<div class=\"elementor-element elementor-element-d27a10a elementor-widget elementor-widget-text-editor\" data-id=\"d27a10a\" data-element_type=\"widget\" data-e-type=\"widget\" data-widget_type=\"text-editor.default\">\n\t\t\t\t<div class=\"elementor-widget-container\">\n\t\t\t\t\t\t\t\t\t<div class=\"itemHeader\"><div class=\"itemHeader\"><h2 class=\"itemTitle\">LISA BELANGER<\/h2><div class=\"item-meta\">\u00a0<\/div><\/div><div class=\"itemBody\"><div class=\"itemFullText\"><p>N\u00e9 et \u00e9lev\u00e9 en Campbell&rsquo;s bay,\u00a0<span class=\"orange\">Lisa Belanger<\/span>\u00a0r\u00e9side \u00e0 Mansfield avec son mari Tocson et leur fille Mackenzie. Lisa travaille dans la domaine de la sant\u00e9 pour plus que 25 ann\u00e9es, nous sommes chanceux qu&rsquo;elle nous ait rejoint en janvier 2022 pour travailler comme Assistante Chiropracticienne \u00e0 temps plein. Le passe temps pr\u00e9f\u00e9rer \u00e0 Lisa est le camping en plein air et la p\u00eache sur nos belles rivi\u00e8res locales avec sa famille et ses deux chiens!\u00a0<\/p><\/div><\/div><\/div>\t\t\t\t\t\t\t\t<\/div>\n\t\t\t\t<\/div>\n\t\t\t\t<\/div>\n\t\t\t\t\t<\/div>\n\t\t\t\t<\/div>\n\t\t<div class=\"elementor-element elementor-element-f095368 e-flex e-con-boxed e-con e-parent\" data-id=\"f095368\" data-element_type=\"container\" data-e-type=\"container\">\n\t\t\t\t\t<div class=\"e-con-inner\">\n\t\t<div class=\"elementor-element elementor-element-6fe0c9d e-con-full e-flex e-con e-child\" data-id=\"6fe0c9d\" data-element_type=\"container\" data-e-type=\"container\">\n\t\t\t\t<div class=\"elementor-element elementor-element-f9cc24c elementor-widget elementor-widget-image\" data-id=\"f9cc24c\" data-element_type=\"widget\" data-e-type=\"widget\" data-widget_type=\"image.default\">\n\t\t\t\t<div class=\"elementor-widget-container\">\n\t\t\t\t\t\t\t\t\t\t\t\t\t\t\t<img decoding=\"async\" width=\"750\" height=\"1125\" src=\"https:\/\/chiropontiac.com\/wp-content\/uploads\/2024\/01\/Z09_2552-Edit-2-1-768x1152.jpg\" class=\"attachment-medium_large size-medium_large wp-image-558\" alt=\"Vanessa Tubman\" srcset=\"https:\/\/chiropontiac.com\/wp-content\/uploads\/2024\/01\/Z09_2552-Edit-2-1-768x1152.jpg 768w, https:\/\/chiropontiac.com\/wp-content\/uploads\/2024\/01\/Z09_2552-Edit-2-1-200x300.jpg 200w, https:\/\/chiropontiac.com\/wp-content\/uploads\/2024\/01\/Z09_2552-Edit-2-1-683x1024.jpg 683w, https:\/\/chiropontiac.com\/wp-content\/uploads\/2024\/01\/Z09_2552-Edit-2-1-1024x1536.jpg 1024w, https:\/\/chiropontiac.com\/wp-content\/uploads\/2024\/01\/Z09_2552-Edit-2-1-1365x2048.jpg 1365w, https:\/\/chiropontiac.com\/wp-content\/uploads\/2024\/01\/Z09_2552-Edit-2-1-1568x2352.jpg 1568w, https:\/\/chiropontiac.com\/wp-content\/uploads\/2024\/01\/Z09_2552-Edit-2-1-scaled.jpg 1706w\" sizes=\"(max-width: 750px) 100vw, 750px\" style=\"width:100%;height:150.06%;max-width:1706px\" \/>\t\t\t\t\t\t\t\t\t\t\t\t\t\t\t<\/div>\n\t\t\t\t<\/div>\n\t\t\t\t<\/div>\n\t\t<div class=\"elementor-element elementor-element-612ffbe e-con-full e-flex e-con e-child\" data-id=\"612ffbe\" data-element_type=\"container\" data-e-type=\"container\">\n\t\t\t\t<div class=\"elementor-element elementor-element-2a33376 elementor-widget elementor-widget-text-editor\" data-id=\"2a33376\" data-element_type=\"widget\" data-e-type=\"widget\" data-widget_type=\"text-editor.default\">\n\t\t\t\t<div class=\"elementor-widget-container\">\n\t\t\t\t\t\t\t\t\t<div class=\"itemHeader\"><div class=\"itemHeader\"><h2 class=\"itemTitle\">VANESSA TUBMAN<\/h2><div class=\"item-meta\">\u00a0<\/div><\/div><div class=\"itemBody\"><div class=\"itemFullText\"><p><span class=\"orange\">Vanessa Tubman\u00a0<\/span>est n\u00e9e et a grandi \u00e0 Bristol. Vanessa travaille \u00e0 temps partielle durant ses \u00e9tudes en Science Sant\u00e9 au coll\u00e8ge Algonquin. Elle fait parti de notre \u00e9quipe depuis d\u00e9but octobre 2020. Pendant son temps libre elle en profite g\u00e9n\u00e9ralement du soleil au bord du lac \u00e0 c\u00f4te de ses 5 soeurs!<\/p><\/div><\/div><\/div>\t\t\t\t\t\t\t\t<\/div>\n\t\t\t\t<\/div>\n\t\t\t\t<\/div>\n\t\t\t\t\t<\/div>\n\t\t\t\t<\/div>\n\t\t\t\t<\/div>\n\t\t","protected":false},"excerpt":{"rendered":"<p>DRE ISABELLE GAGNON, CHIROPRATICIENNE D.C. \u00a0 Originaire de Bristol,\u00a0Docteure Isabelle Gagnon, chiropraticienne D.C.\u00a0r\u00e9side \u00e0 l\u2019Ile-du-Grand-Calumet avec son mari Martin et leur fille Alix. C\u2019\u00e9tait son r\u00eave de revenir s\u2019installer chez elle, et offrir un service de sant\u00e9 \u00e0 ses amis et voisins. Tr\u00e8s attach\u00e9e \u00e0 sa r\u00e9gion, Dre Gagnon aime aussi encourager les entreprises locales&hellip; <a class=\"more-link\" href=\"https:\/\/chiropontiac.com\/fr\/notre-personnel\/\">Poursuivre la lecture <span class=\"screen-reader-text\">Notre personnel<\/span><\/a><\/p>\n","protected":false},"author":1,"featured_media":1762,"parent":0,"menu_order":0,"comment_status":"closed","ping_status":"closed","template":"","meta":{"footnotes":""},"class_list":["post-320","page","type-page","status-publish","has-post-thumbnail","hentry","entry"],"_links":{"self":[{"href":"https:\/\/chiropontiac.com\/fr\/wp-json\/wp\/v2\/pages\/320","targetHints":{"allow":["GET"]}}],"collection":[{"href":"https:\/\/chiropontiac.com\/fr\/wp-json\/wp\/v2\/pages"}],"about":[{"href":"https:\/\/chiropontiac.com\/fr\/wp-json\/wp\/v2\/types\/page"}],"author":[{"embeddable":true,"href":"https:\/\/chiropontiac.com\/fr\/wp-json\/wp\/v2\/users\/1"}],"replies":[{"embeddable":true,"href":"https:\/\/chiropontiac.com\/fr\/wp-json\/wp\/v2\/comments?post=320"}],"version-history":[{"count":5,"href":"https:\/\/chiropontiac.com\/fr\/wp-json\/wp\/v2\/pages\/320\/revisions"}],"predecessor-version":[{"id":1772,"href":"https:\/\/chiropontiac.com\/fr\/wp-json\/wp\/v2\/pages\/320\/revisions\/1772"}],"wp:featuredmedia":[{"embeddable":true,"href":"https:\/\/chiropontiac.com\/fr\/wp-json\/wp\/v2\/media\/1762"}],"wp:attachment":[{"href":"https:\/\/chiropontiac.com\/fr\/wp-json\/wp\/v2\/media?parent=320"}],"curies":[{"name":"wp","href":"https:\/\/api.w.org\/{rel}","templated":true}]}}