{"id":682,"date":"2024-01-27T13:40:55","date_gmt":"2024-01-27T13:40:55","guid":{"rendered":"https:\/\/chiropontiac.com.ottawavalleymedia.ca\/?page_id=682"},"modified":"2024-09-26T13:53:14","modified_gmt":"2024-09-26T13:53:14","slug":"horaire-tarifs","status":"publish","type":"page","link":"https:\/\/chiropontiac.com\/fr\/horaire-tarifs\/","title":{"rendered":"Horaire"},"content":{"rendered":"\t\t<div data-elementor-type=\"wp-page\" data-elementor-id=\"682\" class=\"elementor elementor-682\" data-elementor-post-type=\"page\">\n\t\t\t\t<div class=\"elementor-element elementor-element-36e773e2 e-flex e-con-boxed e-con e-parent\" data-id=\"36e773e2\" data-element_type=\"container\" data-e-type=\"container\">\n\t\t\t\t\t<div class=\"e-con-inner\">\n\t\t\t\t<div class=\"elementor-element elementor-element-358e1bb5 elementor-widget elementor-widget-spacer\" data-id=\"358e1bb5\" data-element_type=\"widget\" data-e-type=\"widget\" data-widget_type=\"spacer.default\">\n\t\t\t\t<div class=\"elementor-widget-container\">\n\t\t\t\t\t\t\t<div class=\"elementor-spacer\">\n\t\t\t<div class=\"elementor-spacer-inner\"><\/div>\n\t\t<\/div>\n\t\t\t\t\t\t<\/div>\n\t\t\t\t<\/div>\n\t\t\t\t\t<\/div>\n\t\t\t\t<\/div>\n\t\t<div class=\"elementor-element elementor-element-19b9a46 e-flex e-con-boxed e-con e-parent\" data-id=\"19b9a46\" data-element_type=\"container\" data-e-type=\"container\">\n\t\t\t\t\t<div class=\"e-con-inner\">\n\t\t<div class=\"elementor-element elementor-element-cce47a0 e-con-full e-flex e-con e-child\" data-id=\"cce47a0\" data-element_type=\"container\" data-e-type=\"container\">\n\t\t\t\t<div class=\"elementor-element elementor-element-2e02fc3 e-transform premium-table-dir-ltr elementor-widget elementor-widget-premium-tables-addon\" data-id=\"2e02fc3\" data-element_type=\"widget\" data-e-type=\"widget\" data-settings=\"{&quot;_transform_scale_effect_hover&quot;:{&quot;unit&quot;:&quot;px&quot;,&quot;size&quot;:1.100000000000000088817841970012523233890533447265625,&quot;sizes&quot;:[]},&quot;_transform_scale_effect_hover_tablet&quot;:{&quot;unit&quot;:&quot;px&quot;,&quot;size&quot;:&quot;&quot;,&quot;sizes&quot;:[]},&quot;_transform_scale_effect_hover_mobile&quot;:{&quot;unit&quot;:&quot;px&quot;,&quot;size&quot;:&quot;&quot;,&quot;sizes&quot;:[]}}\" data-widget_type=\"premium-tables-addon.default\">\n\t\t\t\t<div class=\"elementor-widget-container\">\n\t\t\t\t\t\r\n\t\t<div class=\"premium-table-wrap\">\r\n\t\t\t\r\n\t\t\t<table class=\"premium-table\" data-settings=\"{&quot;sort&quot;:false,&quot;usNumbers&quot;:false,&quot;sortMob&quot;:false,&quot;search&quot;:false,&quot;records&quot;:false,&quot;dataType&quot;:&quot;custom&quot;,&quot;csvFile&quot;:null,&quot;firstRow&quot;:null,&quot;separator&quot;:null,&quot;pagination&quot;:&quot;&quot;,&quot;rows&quot;:0}\" >\r\n\r\n\t\t\t\r\n\t\t<thead class=\"premium-table-head\">\r\n\r\n\t\t\t<tr class=\"premium-table-row\">\r\n\r\n\t\t\t\t<th class=\"premium-table-cell elementor-repeater-item-4b5a838\" rowspan=\"5\"><span class=\"premium-table-text\"><span class=\"premium-table-cell-icon-before\"><i class=\"fa fa-calendar\" aria-hidden=\"true\"><\/i><\/span>JOUR<\/span><\/th><th class=\"premium-table-cell elementor-repeater-item-4770d84\" rowspan=\"5\"><span class=\"premium-table-text\"><span class=\"premium-table-cell-icon-before\"><i class=\"fa fa-list-alt\" aria-hidden=\"true\"><\/i><\/span>HEURES<\/span><\/th><th class=\"premium-table-cell elementor-repeater-item-f2368bf\" rowspan=\"5\"><span class=\"premium-table-text\"><span class=\"premium-table-cell-icon-before\"><i class=\"fa fa-map-marker\" aria-hidden=\"true\"><\/i><\/span>CLINIQUE<\/span><\/th>\r\n\t\t\t<\/tr>\r\n\r\n\t\t<\/thead>\r\n\r\n\t\t\t\t<tbody class=\"premium-table-body\">\r\n\t\t\t\t\t\t<tr class=\"premium-table-row elementor-repeater-item-dc98d2d\"><td class=\"premium-table-cell elementor-repeater-item-30eaca3\"><span class=\"premium-table-text\">Lundi<\/span><\/td><td class=\"premium-table-cell elementor-repeater-item-a6225e9\"><span class=\"premium-table-text\">10 \u00e0 16h<\/span><\/td><td class=\"premium-table-cell elementor-repeater-item-2a6ed97\"><span class=\"premium-table-text\">Shawville<\/span><\/td><\/tr><tr class=\"premium-table-row elementor-repeater-item-b0b95c7\"><td class=\"premium-table-cell elementor-repeater-item-0168a93\"><span class=\"premium-table-text\">Mardi<\/span><\/td><td class=\"premium-table-cell elementor-repeater-item-56fd2dc\"><span class=\"premium-table-text\">12h30 \u00e0 19h<\/span><\/td><td class=\"premium-table-cell elementor-repeater-item-5d9d221\"><span class=\"premium-table-text\">Mansfield<\/span><\/td><\/tr><tr class=\"premium-table-row elementor-repeater-item-d5cac5d\"><td class=\"premium-table-cell elementor-repeater-item-0d20f22\"><span class=\"premium-table-text\">Mercredi<\/span><\/td><td class=\"premium-table-cell elementor-repeater-item-81eceab\"><span class=\"premium-table-text\">12h30 \u00e0 19h<\/span><\/td><td class=\"premium-table-cell elementor-repeater-item-1eeeb32\"><span class=\"premium-table-text\">Shawville<\/span><\/td><\/tr><tr class=\"premium-table-row elementor-repeater-item-ddf0d88\"><td class=\"premium-table-cell elementor-repeater-item-c9a4f41\"><span class=\"premium-table-text\">Jeudi<\/span><\/td><td class=\"premium-table-cell elementor-repeater-item-40edeaa\"><span class=\"premium-table-text\">9 \u00e0 16h<\/span><\/td><td class=\"premium-table-cell elementor-repeater-item-230f975\"><span class=\"premium-table-text\">Mansfield<\/span><\/td><\/tr><tr class=\"premium-table-row elementor-repeater-item-2919fe9\"><td class=\"premium-table-cell elementor-repeater-item-64e8dcd\"><span class=\"premium-table-text\">Vendredi<\/span><\/td><td class=\"premium-table-cell elementor-repeater-item-a4b6b7d\"><span class=\"premium-table-text\">9 \u00e0 14h<\/span><\/td><td class=\"premium-table-cell elementor-repeater-item-a1fb5cc\"><span class=\"premium-table-text\">Shawville<\/span><\/td>\t\t\t<\/tr>\r\n\t\t<\/tbody>\r\n\r\n\t\t\r\n\t\t\t<\/table>\r\n\t\t<\/div>\r\n\t\t\t\t\t\t<\/div>\n\t\t\t\t<\/div>\n\t\t\t\t<\/div>\n\t\t<div class=\"elementor-element elementor-element-d12f495 e-con-full e-flex e-con e-child\" data-id=\"d12f495\" data-element_type=\"container\" data-e-type=\"container\">\n\t\t\t\t<div class=\"elementor-element elementor-element-89ec0ab elementor-widget elementor-widget-premium-ihover\" data-id=\"89ec0ab\" data-element_type=\"widget\" data-e-type=\"widget\" data-widget_type=\"premium-ihover.default\">\n\t\t\t\t<div class=\"elementor-widget-container\">\n\t\t\t\t\t\t\t<div class=\"premium-ihover-container \">\r\n\t\t\t<div class=\"premium-ihover-list\">\r\n\t\t\t\t<div class=\"premium-ihover-item-wrap\">\r\n\t\t\t\t\t\t\t\t<a class=\"premium-ihover-full-link\" href=\"https:\/\/chiropontiac.com\/nos-cliniques\/\" title=\"\">\r\n\r\n\t\t\t\t\t\t\t<div class=\"premium-ihover-item style14\">\r\n\t\t\t\t\t\t\t\t\t\t\t\t<div class=\"premium-ihover-img-wrap\">\r\n\t\t\t\t\t\t\t\t\t\t\t\t\t\t\t<!-- <div class=\"premium-ihover-img-inner-wrap\"><\/div> -->\r\n\t\t\t\t\t\t\t\t<img decoding=\"async\" class=\"premium-ihover-img\" src=\"https:\/\/chiropontiac.com\/wp-content\/uploads\/2024\/01\/BR782-2016_8105441-scaled.jpg\" alt=\"BR782-2016_8105441\">\r\n\t\t\t\t\t\t\t\t\t\t\t\t\t<\/div>\r\n\t\t\t\t\t\t<div class=\"premium-ihover-info-wrap\">\r\n\t\t\t\t\t\t\t<div class=\"premium-ihover-info-back\">\r\n\t\t\t\t\t\t\t\t<div class=\"premium-ihover-content\">\r\n\t\t\t\t\t\t\t\t\t<div class=\"premium-ihover-content-wrap\">\r\n\t\t\t\t\t\t\t\t\t\t<div class=\"premium-ihover-title-wrap\">\r\n\t\t\t\t\t\t\t\t\t\t\t\t\t\t\t\t\t\t\t\t\t\t\t<i class=\"premium-ihover-icon far fa-building\" aria-hidden=\"true\"><\/i>\t\t\t\t\t\t\t\t\t\t\t\r\n\t\t\t\t\t\t\t\t\t\t\t\t\t\t\t\t\t\t\t\t\t\t\t<h4 class=\"premium-ihover-title\">\r\n\t\t\t\t\t\t\t\t\t\t\t\t\tNos cliniques\t\t\t\t\t\t\t\t\t\t\t\t<\/h4>\r\n\t\t\t\t\t\t\t\t\t\t\t\r\n\t\t\t\t\t\t\t\t\t\t<\/div>\r\n\r\n\t\t\t\t\t\t\t\t\t\t\r\n\t\t\t\t\t\t\t\t\t\t\r\n\t\t\t\t\t\t\t\t\t\t\r\n\t\t\t\t\t\t\t\t\t<\/div>\r\n\t\t\t\t\t\t\t\t<\/div>\r\n\t\t\t\t\t\t\t<\/div>\r\n\t\t\t\t\t\t<\/div>\r\n\t\t\t\t\t<\/div>\r\n\t\t\t\t\t<\/a>\t\t\t\t<\/div>\r\n\t\t\t<\/div>\r\n\t\t<\/div>\r\n\t\t\t\t\t\t<\/div>\n\t\t\t\t<\/div>\n\t\t\t\t<\/div>\n\t\t\t\t\t<\/div>\n\t\t\t\t<\/div>\n\t\t<div class=\"elementor-element elementor-element-55dde6c e-flex e-con-boxed e-con e-parent\" data-id=\"55dde6c\" data-element_type=\"container\" data-e-type=\"container\" data-settings=\"{&quot;background_background&quot;:&quot;classic&quot;}\">\n\t\t\t\t\t<div class=\"e-con-inner\">\n\t\t<div class=\"elementor-element elementor-element-9be6939 e-con-full e-flex e-con e-child\" data-id=\"9be6939\" data-element_type=\"container\" data-e-type=\"container\" data-settings=\"{&quot;background_background&quot;:&quot;slideshow&quot;,&quot;background_slideshow_gallery&quot;:[{&quot;id&quot;:725,&quot;url&quot;:&quot;http:\\\/\\\/jons97.sg-host.com\\\/wp-content\\\/uploads\\\/2024\\\/01\\\/top-view-of-coffee-with-smartphone-on-laptop-on-wo-2023-11-27-04-57-08-utc-scaled.jpg&quot;}],&quot;background_slideshow_slide_duration&quot;:5000,&quot;background_slideshow_slide_transition&quot;:&quot;fade&quot;,&quot;background_slideshow_transition_duration&quot;:500}\">\n\t\t\t\t<\/div>\n\t\t<div class=\"elementor-element elementor-element-1f631da e-con-full e-flex e-con e-child\" data-id=\"1f631da\" data-element_type=\"container\" data-e-type=\"container\">\n\t\t\t\t<div class=\"elementor-element elementor-element-1d53d1e elementor-view-default elementor-widget elementor-widget-icon\" data-id=\"1d53d1e\" data-element_type=\"widget\" data-e-type=\"widget\" data-widget_type=\"icon.default\">\n\t\t\t\t<div class=\"elementor-widget-container\">\n\t\t\t\t\t\t\t<div class=\"elementor-icon-wrapper\">\n\t\t\t<div class=\"elementor-icon\">\n\t\t\t<i aria-hidden=\"true\" class=\"far fa-comments\"><\/i>\t\t\t<\/div>\n\t\t<\/div>\n\t\t\t\t\t\t<\/div>\n\t\t\t\t<\/div>\n\t\t\t\t<div class=\"elementor-element elementor-element-1289d18 elementor-widget elementor-widget-text-editor\" data-id=\"1289d18\" data-element_type=\"widget\" data-e-type=\"widget\" data-widget_type=\"text-editor.default\">\n\t\t\t\t<div class=\"elementor-widget-container\">\n\t\t\t\t\t\t\t\t\t<p><span style=\"color: #ffffff;\">Vous avez besoins d\u2019informations sur nos services?<\/span><\/p><p class=\"maj\"><span style=\"color: #ffffff;\">APPELLEZ-NOUS\u00a0<span style=\"color: #000080;\"><a style=\"color: #000080;\" href=\"https:\/\/jons97.sg-host.com\/fr\/nos-cliniques\/\">MANSFIELD<\/a>\u00a0I\u00a0<a style=\"color: #000080;\" href=\"https:\/\/jons97.sg-host.com\/fr\/nos-cliniques\/\">SHAWVILLE<\/a><\/span><\/span><br \/><span style=\"color: #ffffff;\">OU ENVOYEZ-NOUS UN\u00a0<span style=\"color: #000080;\"><a style=\"color: #000080;\" href=\"https:\/\/jons97.sg-host.com\/fr\/nos-cliniques\/\">COURRIEL<\/a><\/span><\/span><\/p>\t\t\t\t\t\t\t\t<\/div>\n\t\t\t\t<\/div>\n\t\t\t\t<\/div>\n\t\t\t\t\t<\/div>\n\t\t\t\t<\/div>\n\t\t<div class=\"elementor-element elementor-element-b74b488 e-flex e-con-boxed e-con e-parent\" data-id=\"b74b488\" data-element_type=\"container\" data-e-type=\"container\">\n\t\t\t\t\t<div class=\"e-con-inner\">\n\t\t<div class=\"elementor-element elementor-element-8fff0bd e-con-full e-flex e-con e-child\" data-id=\"8fff0bd\" data-element_type=\"container\" data-e-type=\"container\">\n\t\t\t\t<div class=\"elementor-element elementor-element-e489798 elementor-widget elementor-widget-heading\" data-id=\"e489798\" data-element_type=\"widget\" data-e-type=\"widget\" data-widget_type=\"heading.default\">\n\t\t\t\t<div class=\"elementor-widget-container\">\n\t\t\t\t\t<h2 class=\"elementor-heading-title elementor-size-default\">LE TOUT EST PAYABLE \u00c0 LA VISITE<\/h2>\t\t\t\t<\/div>\n\t\t\t\t<\/div>\n\t\t\t\t<div class=\"elementor-element elementor-element-e9a3f0c elementor-widget elementor-widget-text-editor\" data-id=\"e9a3f0c\" data-element_type=\"widget\" data-e-type=\"widget\" data-widget_type=\"text-editor.default\">\n\t\t\t\t<div class=\"elementor-widget-container\">\n\t\t\t\t\t\t\t\t\t<p style=\"text-align: left;\"><span style=\"color: #000000;\"><strong>Modes de paiement<\/strong><\/span><\/p><p style=\"text-align: left;\"><span style=\"color: #000000;\">Comptant, Interac, ch\u00e8que, Visa, Mastercard, American Express<\/span><\/p><p style=\"text-align: left;\"><span style=\"color: #000000;\">La facturation directe aux assurances peut \u00eatre disponible selon votre police<\/span><\/p>\t\t\t\t\t\t\t\t<\/div>\n\t\t\t\t<\/div>\n\t\t\t\t<div class=\"elementor-element elementor-element-3c2050f elementor-widget elementor-widget-text-editor\" data-id=\"3c2050f\" data-element_type=\"widget\" data-e-type=\"widget\" data-widget_type=\"text-editor.default\">\n\t\t\t\t<div class=\"elementor-widget-container\">\n\t\t\t\t\t\t\t\t\t<p><span style=\"color: #000000;\"><strong>NOTE IMPORTANTE<\/strong><\/span><\/p><p><span style=\"color: #000000;\">* Les soins chiropratiques sont couverts par la majorit\u00e9 des assurances priv\u00e9es.<\/span><\/p><p><span style=\"color: #000000;\">* Vos soins s&rsquo;ajoutent aux d\u00e9penses de sant\u00e9 et sont d\u00e9ductibles d&rsquo;imp\u00f4ts.<\/span><\/p><p><span style=\"color: #000000;\">* Certaines polices d&rsquo;assurance nous permettent de facturer directement, donc vous n&rsquo;avez qu&rsquo;\u00e0 payer la diff\u00e9rence<\/span><\/p>\t\t\t\t\t\t\t\t<\/div>\n\t\t\t\t<\/div>\n\t\t\t\t<\/div>\n\t\t\t\t\t<\/div>\n\t\t\t\t<\/div>\n\t\t\t\t<\/div>\n\t\t","protected":false},"excerpt":{"rendered":"<p>JOUR HEURES CLINIQUE Lundi 10 \u00e0 16h Shawville Mardi 12h30 \u00e0 19h Mansfield Mercredi 12h30 \u00e0 19h Shawville Jeudi 9 \u00e0 16h Mansfield Vendredi 9 \u00e0 14h Shawville Nos cliniques Vous avez besoins d\u2019informations sur nos services? APPELLEZ-NOUS\u00a0MANSFIELD\u00a0I\u00a0SHAWVILLEOU ENVOYEZ-NOUS UN\u00a0COURRIEL LE TOUT EST PAYABLE \u00c0 LA VISITE Modes de paiement Comptant, Interac, ch\u00e8que, Visa, Mastercard,&hellip; <a class=\"more-link\" href=\"https:\/\/chiropontiac.com\/fr\/horaire-tarifs\/\">Poursuivre la lecture <span class=\"screen-reader-text\">Horaire<\/span><\/a><\/p>\n","protected":false},"author":1,"featured_media":492,"parent":0,"menu_order":0,"comment_status":"closed","ping_status":"closed","template":"","meta":{"footnotes":""},"class_list":["post-682","page","type-page","status-publish","has-post-thumbnail","hentry","entry"],"_links":{"self":[{"href":"https:\/\/chiropontiac.com\/fr\/wp-json\/wp\/v2\/pages\/682","targetHints":{"allow":["GET"]}}],"collection":[{"href":"https:\/\/chiropontiac.com\/fr\/wp-json\/wp\/v2\/pages"}],"about":[{"href":"https:\/\/chiropontiac.com\/fr\/wp-json\/wp\/v2\/types\/page"}],"author":[{"embeddable":true,"href":"https:\/\/chiropontiac.com\/fr\/wp-json\/wp\/v2\/users\/1"}],"replies":[{"embeddable":true,"href":"https:\/\/chiropontiac.com\/fr\/wp-json\/wp\/v2\/comments?post=682"}],"version-history":[{"count":8,"href":"https:\/\/chiropontiac.com\/fr\/wp-json\/wp\/v2\/pages\/682\/revisions"}],"predecessor-version":[{"id":2041,"href":"https:\/\/chiropontiac.com\/fr\/wp-json\/wp\/v2\/pages\/682\/revisions\/2041"}],"wp:featuredmedia":[{"embeddable":true,"href":"https:\/\/chiropontiac.com\/fr\/wp-json\/wp\/v2\/media\/492"}],"wp:attachment":[{"href":"https:\/\/chiropontiac.com\/fr\/wp-json\/wp\/v2\/media?parent=682"}],"curies":[{"name":"wp","href":"https:\/\/api.w.org\/{rel}","templated":true}]}}